{"id":12,"date":"2025-01-13T12:43:09","date_gmt":"2025-01-13T11:43:09","guid":{"rendered":"https:\/\/ideeserwis.com\/?page_id=12"},"modified":"2025-01-25T13:40:15","modified_gmt":"2025-01-25T12:40:15","slug":"o-nas","status":"publish","type":"page","link":"https:\/\/ideeserwis.com\/index.php\/o-nas\/","title":{"rendered":"O nas"},"content":{"rendered":"\t\t<div data-elementor-type=\"wp-page\" data-elementor-id=\"12\" class=\"elementor elementor-12\">\n\t\t\t\t<div class=\"elementor-element elementor-element-632818b e-flex e-con-boxed e-con e-parent\" data-id=\"632818b\" data-element_type=\"container\">\n\t\t\t\t\t<div class=\"e-con-inner\">\n\t\t\t\t<div class=\"elementor-element elementor-element-d153bd1 elementor-widget elementor-widget-html\" data-id=\"d153bd1\" data-element_type=\"widget\" data-widget_type=\"html.default\">\n\t\t\t\t<div class=\"elementor-widget-container\">\n\t\t\t\t\t<section style=\"padding: 40px 10%; background-color: #f7f7f7;\">\n    <h2 style=\"text-align: center; color: #333; font-size: 2rem; margin-bottom: 30px;\">O Nas<\/h2>\n    <div style=\"text-align: center; line-height: 1.8; font-size: 1.1rem; color: #555;\">\n        <p>Idee Serwis to rodzinna firma projektant\u00f3w, rzemie\u015blnik\u00f3w i instalator\u00f3w z pasj\u0105 do projektowania i pracy ze szk\u0142em.<\/p>\n        <p>Czy Tw\u00f3j projekt wymaga niestandardowych drzwi prysznicowych bezramowych? My to robimy. Czy Tw\u00f3j projekt wymaga niestandardowego, r\u0119cznie wykonanego lustra? My te\u017c to robimy. Niewiele jest rzeczy, kt\u00f3rych nie robimy, gdy Tw\u00f3j projekt dotyczy szk\u0142a.<\/p>\n        <p>Od drzwi prysznicowych, luster, niestandardowego szk\u0142a malowanego, szklanych system\u00f3w por\u0119czy schodowych, szklanych \u015bcian, szklanych balustrad, szklanych p\u00f3\u0142ek i szklanych blat\u00f3w \u2014 je\u015bli potrzebujesz czego\u015b wykonanego ze szk\u0142a, mamy rozwi\u0105zanie i projekt dostosowany do Twojego konkretnego bud\u017cetu i potrzeb.<\/p>\n        <p>Rozleg\u0142e umiej\u0119tno\u015bci naszego personelu da\u0142y nam reputacj\u0119 doskona\u0142ej obs\u0142ugi klienta przez lata. Od ponad 20 lat dostarczamy szklane rozwi\u0105zania dla w\u0142a\u015bcicieli dom\u00f3w, projektant\u00f3w, architekt\u00f3w i wykonawc\u00f3w. Nasza pasja, po\u015bwi\u0119cenie i profesjonalizm przejawia si\u0119 w ka\u017cdym realizowanym przez nas projekcie.<\/p>\n    <\/div>\n\n   \n<\/section>\n\t\t\t\t<\/div>\n\t\t\t\t<\/div>\n\t\t\t\t\t<\/div>\n\t\t\t\t<\/div>\n\t\t\t\t<\/div>\n\t\t","protected":false},"excerpt":{"rendered":"<p>O Nas Idee Serwis to rodzinna firma projektant\u00f3w, rzemie\u015blnik\u00f3w i instalator\u00f3w z pasj\u0105 do projektowania i pracy ze szk\u0142em. Czy [&hellip;]<\/p>\n","protected":false},"author":1,"featured_media":0,"parent":0,"menu_order":0,"comment_status":"closed","ping_status":"closed","template":"","meta":{"site-sidebar-layout":"no-sidebar","site-content-layout":"","ast-site-content-layout":"full-width-container","site-content-style":"default","site-sidebar-style":"default","ast-global-header-display":"","ast-banner-title-visibility":"","ast-main-header-display":"","ast-hfb-above-header-display":"","ast-hfb-below-header-display":"","ast-hfb-mobile-header-display":"","site-post-title":"disabled","ast-breadcrumbs-content":"","ast-featured-img":"disabled","footer-sml-layout":"","theme-transparent-header-meta":"","adv-header-id-meta":"","stick-header-meta":"","header-above-stick-meta":"","header-main-stick-meta":"","header-below-stick-meta":"","astra-migrate-meta-layouts":"default","ast-page-background-enabled":"default","ast-page-background-meta":{"desktop":{"background-color":"var(--ast-global-color-5)","background-image":"","background-repeat":"repeat","background-position":"center center","background-size":"auto","background-attachment":"scroll","background-type":"","background-media":"","overlay-type":"","overlay-color":"","overlay-opacity":"","overlay-gradient":""},"tablet":{"background-color":"","background-image":"","background-repeat":"repeat","background-position":"center center","background-size":"auto","background-attachment":"scroll","background-type":"","background-media":"","overlay-type":"","overlay-color":"","overlay-opacity":"","overlay-gradient":""},"mobile":{"background-color":"","background-image":"","background-repeat":"repeat","background-position":"center center","background-size":"auto","background-attachment":"scroll","background-type":"","background-media":"","overlay-type":"","overlay-color":"","overlay-opacity":"","overlay-gradient":""}},"ast-content-background-meta":{"desktop":{"background-color":"var(--ast-global-color-4)","background-image":"","background-repeat":"repeat","background-position":"center center","background-size":"auto","background-attachment":"scroll","background-type":"","background-media":"","overlay-type":"","overlay-color":"","overlay-opacity":"","overlay-gradient":""},"tablet":{"background-color":"var(--ast-global-color-4)","background-image":"","background-repeat":"repeat","background-position":"center center","background-size":"auto","background-attachment":"scroll","background-type":"","background-media":"","overlay-type":"","overlay-color":"","overlay-opacity":"","overlay-gradient":""},"mobile":{"background-color":"var(--ast-global-color-4)","background-image":"","background-repeat":"repeat","background-position":"center center","background-size":"auto","background-attachment":"scroll","background-type":"","background-media":"","overlay-type":"","overlay-color":"","overlay-opacity":"","overlay-gradient":""}},"footnotes":""},"class_list":["post-12","page","type-page","status-publish","hentry"],"yoast_head":"<!-- This site is optimized with the Yoast SEO plugin v24.3 - https:\/\/yoast.com\/wordpress\/plugins\/seo\/ -->\n<title>O nas - Konstrukcje szklane i aluminiowe Szczecin - Idee Serwis<\/title>\n<meta name=\"description\" content=\"W Idee Serwis od lat dostarczamy najwy\u017cszej jako\u015bci konstrukcje szklane, aluminiowe oraz elewacje wentylowane. Nasz\u0105 misj\u0105 jest \u0142\u0105czenie nowoczesnego designu z trwa\u0142o\u015bci\u0105 i funkcjonalno\u015bci\u0105\" \/>\n<meta name=\"robots\" content=\"index, follow, max-snippet:-1, max-image-preview:large, max-video-preview:-1\" \/>\n<link rel=\"canonical\" href=\"https:\/\/ideeserwis.com\/index.php\/o-nas\/\" \/>\n<meta property=\"og:locale\" content=\"pl_PL\" \/>\n<meta property=\"og:type\" content=\"article\" \/>\n<meta property=\"og:title\" content=\"O nas - Konstrukcje szklane i aluminiowe Szczecin - Idee Serwis\" \/>\n<meta property=\"og:description\" content=\"W Idee Serwis od lat dostarczamy najwy\u017cszej jako\u015bci konstrukcje szklane, aluminiowe oraz elewacje wentylowane. Nasz\u0105 misj\u0105 jest \u0142\u0105czenie nowoczesnego designu z trwa\u0142o\u015bci\u0105 i funkcjonalno\u015bci\u0105\" \/>\n<meta property=\"og:url\" content=\"https:\/\/ideeserwis.com\/index.php\/o-nas\/\" \/>\n<meta property=\"article:publisher\" content=\"https:\/\/www.facebook.com\/ideeserwis\/?locale=pl_PL\" \/>\n<meta property=\"article:modified_time\" content=\"2025-01-25T12:40:15+00:00\" \/>\n<meta name=\"twitter:card\" content=\"summary_large_image\" \/>\n<meta name=\"twitter:label1\" content=\"Szacowany czas czytania\" \/>\n\t<meta name=\"twitter:data1\" content=\"1 minuta\" \/>\n<script type=\"application\/ld+json\" class=\"yoast-schema-graph\">{\"@context\":\"https:\/\/schema.org\",\"@graph\":[{\"@type\":\"WebPage\",\"@id\":\"https:\/\/ideeserwis.com\/index.php\/o-nas\/\",\"url\":\"https:\/\/ideeserwis.com\/index.php\/o-nas\/\",\"name\":\"O nas - Konstrukcje szklane i aluminiowe Szczecin - Idee Serwis\",\"isPartOf\":{\"@id\":\"https:\/\/ideeserwis.com\/#website\"},\"datePublished\":\"2025-01-13T11:43:09+00:00\",\"dateModified\":\"2025-01-25T12:40:15+00:00\",\"description\":\"W Idee Serwis od lat dostarczamy najwy\u017cszej jako\u015bci konstrukcje szklane, aluminiowe oraz elewacje wentylowane. Nasz\u0105 misj\u0105 jest \u0142\u0105czenie nowoczesnego designu z trwa\u0142o\u015bci\u0105 i funkcjonalno\u015bci\u0105\",\"breadcrumb\":{\"@id\":\"https:\/\/ideeserwis.com\/index.php\/o-nas\/#breadcrumb\"},\"inLanguage\":\"pl-PL\",\"potentialAction\":[{\"@type\":\"ReadAction\",\"target\":[\"https:\/\/ideeserwis.com\/index.php\/o-nas\/\"]}]},{\"@type\":\"BreadcrumbList\",\"@id\":\"https:\/\/ideeserwis.com\/index.php\/o-nas\/#breadcrumb\",\"itemListElement\":[{\"@type\":\"ListItem\",\"position\":1,\"name\":\"Strona g\u0142\u00f3wna\",\"item\":\"https:\/\/ideeserwis.com\/\"},{\"@type\":\"ListItem\",\"position\":2,\"name\":\"O nas\"}]},{\"@type\":\"WebSite\",\"@id\":\"https:\/\/ideeserwis.com\/#website\",\"url\":\"https:\/\/ideeserwis.com\/\",\"name\":\"Idee Serwis\",\"description\":\"\",\"publisher\":{\"@id\":\"https:\/\/ideeserwis.com\/#organization\"},\"potentialAction\":[{\"@type\":\"SearchAction\",\"target\":{\"@type\":\"EntryPoint\",\"urlTemplate\":\"https:\/\/ideeserwis.com\/?s={search_term_string}\"},\"query-input\":{\"@type\":\"PropertyValueSpecification\",\"valueRequired\":true,\"valueName\":\"search_term_string\"}}],\"inLanguage\":\"pl-PL\"},{\"@type\":\"Organization\",\"@id\":\"https:\/\/ideeserwis.com\/#organization\",\"name\":\"Idee Serwis\",\"url\":\"https:\/\/ideeserwis.com\/\",\"logo\":{\"@type\":\"ImageObject\",\"inLanguage\":\"pl-PL\",\"@id\":\"https:\/\/ideeserwis.com\/#\/schema\/logo\/image\/\",\"url\":\"https:\/\/ideeserwis.com\/wp-content\/uploads\/2025\/01\/cropped-Untitled-4-250x92-1.png\",\"contentUrl\":\"https:\/\/ideeserwis.com\/wp-content\/uploads\/2025\/01\/cropped-Untitled-4-250x92-1.png\",\"width\":238,\"height\":48,\"caption\":\"Idee Serwis\"},\"image\":{\"@id\":\"https:\/\/ideeserwis.com\/#\/schema\/logo\/image\/\"},\"sameAs\":[\"https:\/\/www.facebook.com\/ideeserwis\/?locale=pl_PL\",\"https:\/\/www.instagram.com\/ideeserwis_com\/\"]}]}<\/script>\n<!-- \/ Yoast SEO plugin. -->","yoast_head_json":{"title":"O nas - Konstrukcje szklane i aluminiowe Szczecin - Idee Serwis","description":"W Idee Serwis od lat dostarczamy najwy\u017cszej jako\u015bci konstrukcje szklane, aluminiowe oraz elewacje wentylowane. Nasz\u0105 misj\u0105 jest \u0142\u0105czenie nowoczesnego designu z trwa\u0142o\u015bci\u0105 i funkcjonalno\u015bci\u0105","robots":{"index":"index","follow":"follow","max-snippet":"max-snippet:-1","max-image-preview":"max-image-preview:large","max-video-preview":"max-video-preview:-1"},"canonical":"https:\/\/ideeserwis.com\/index.php\/o-nas\/","og_locale":"pl_PL","og_type":"article","og_title":"O nas - Konstrukcje szklane i aluminiowe Szczecin - Idee Serwis","og_description":"W Idee Serwis od lat dostarczamy najwy\u017cszej jako\u015bci konstrukcje szklane, aluminiowe oraz elewacje wentylowane. Nasz\u0105 misj\u0105 jest \u0142\u0105czenie nowoczesnego designu z trwa\u0142o\u015bci\u0105 i funkcjonalno\u015bci\u0105","og_url":"https:\/\/ideeserwis.com\/index.php\/o-nas\/","article_publisher":"https:\/\/www.facebook.com\/ideeserwis\/?locale=pl_PL","article_modified_time":"2025-01-25T12:40:15+00:00","twitter_card":"summary_large_image","twitter_misc":{"Szacowany czas czytania":"1 minuta"},"schema":{"@context":"https:\/\/schema.org","@graph":[{"@type":"WebPage","@id":"https:\/\/ideeserwis.com\/index.php\/o-nas\/","url":"https:\/\/ideeserwis.com\/index.php\/o-nas\/","name":"O nas - Konstrukcje szklane i aluminiowe Szczecin - Idee Serwis","isPartOf":{"@id":"https:\/\/ideeserwis.com\/#website"},"datePublished":"2025-01-13T11:43:09+00:00","dateModified":"2025-01-25T12:40:15+00:00","description":"W Idee Serwis od lat dostarczamy najwy\u017cszej jako\u015bci konstrukcje szklane, aluminiowe oraz elewacje wentylowane. Nasz\u0105 misj\u0105 jest \u0142\u0105czenie nowoczesnego designu z trwa\u0142o\u015bci\u0105 i funkcjonalno\u015bci\u0105","breadcrumb":{"@id":"https:\/\/ideeserwis.com\/index.php\/o-nas\/#breadcrumb"},"inLanguage":"pl-PL","potentialAction":[{"@type":"ReadAction","target":["https:\/\/ideeserwis.com\/index.php\/o-nas\/"]}]},{"@type":"BreadcrumbList","@id":"https:\/\/ideeserwis.com\/index.php\/o-nas\/#breadcrumb","itemListElement":[{"@type":"ListItem","position":1,"name":"Strona g\u0142\u00f3wna","item":"https:\/\/ideeserwis.com\/"},{"@type":"ListItem","position":2,"name":"O nas"}]},{"@type":"WebSite","@id":"https:\/\/ideeserwis.com\/#website","url":"https:\/\/ideeserwis.com\/","name":"Idee Serwis","description":"","publisher":{"@id":"https:\/\/ideeserwis.com\/#organization"},"potentialAction":[{"@type":"SearchAction","target":{"@type":"EntryPoint","urlTemplate":"https:\/\/ideeserwis.com\/?s={search_term_string}"},"query-input":{"@type":"PropertyValueSpecification","valueRequired":true,"valueName":"search_term_string"}}],"inLanguage":"pl-PL"},{"@type":"Organization","@id":"https:\/\/ideeserwis.com\/#organization","name":"Idee Serwis","url":"https:\/\/ideeserwis.com\/","logo":{"@type":"ImageObject","inLanguage":"pl-PL","@id":"https:\/\/ideeserwis.com\/#\/schema\/logo\/image\/","url":"https:\/\/ideeserwis.com\/wp-content\/uploads\/2025\/01\/cropped-Untitled-4-250x92-1.png","contentUrl":"https:\/\/ideeserwis.com\/wp-content\/uploads\/2025\/01\/cropped-Untitled-4-250x92-1.png","width":238,"height":48,"caption":"Idee Serwis"},"image":{"@id":"https:\/\/ideeserwis.com\/#\/schema\/logo\/image\/"},"sameAs":["https:\/\/www.facebook.com\/ideeserwis\/?locale=pl_PL","https:\/\/www.instagram.com\/ideeserwis_com\/"]}]}},"_links":{"self":[{"href":"https:\/\/ideeserwis.com\/index.php\/wp-json\/wp\/v2\/pages\/12","targetHints":{"allow":["GET"]}}],"collection":[{"href":"https:\/\/ideeserwis.com\/index.php\/wp-json\/wp\/v2\/pages"}],"about":[{"href":"https:\/\/ideeserwis.com\/index.php\/wp-json\/wp\/v2\/types\/page"}],"author":[{"embeddable":true,"href":"https:\/\/ideeserwis.com\/index.php\/wp-json\/wp\/v2\/users\/1"}],"replies":[{"embeddable":true,"href":"https:\/\/ideeserwis.com\/index.php\/wp-json\/wp\/v2\/comments?post=12"}],"version-history":[{"count":4,"href":"https:\/\/ideeserwis.com\/index.php\/wp-json\/wp\/v2\/pages\/12\/revisions"}],"predecessor-version":[{"id":53,"href":"https:\/\/ideeserwis.com\/index.php\/wp-json\/wp\/v2\/pages\/12\/revisions\/53"}],"wp:attachment":[{"href":"https:\/\/ideeserwis.com\/index.php\/wp-json\/wp\/v2\/media?parent=12"}],"curies":[{"name":"wp","href":"https:\/\/api.w.org\/{rel}","templated":true}]}}